{"id":13940,"date":"2024-11-07T14:19:01","date_gmt":"2024-11-07T13:19:01","guid":{"rendered":"https:\/\/www.zaun7.de\/blog\/?page_id=13940"},"modified":"2025-01-31T11:13:14","modified_gmt":"2025-01-31T10:13:14","slug":"ueber-uns","status":"publish","type":"page","link":"https:\/\/www.zaun7.de\/blog\/ueber-uns\/","title":{"rendered":"\u00dcber Uns"},"content":{"rendered":"<p>[vc_row equal_height=&#8220;yes&#8220; bg_position=&#8220;center center&#8220; css=&#8220;.vc_custom_1728470699300{padding-top: 0px !important;padding-bottom: 20px !important;background-position: 0 0 !important;background-repeat: no-repeat !important;}&#8220; el_id=&#8220;features&#8220;][vc_column]\n\t\t\t\t<p class=\"rs-p-wp-fix\"><\/p>\n\t\t\t\t<sr7-module data-alias=\"slider-1-1\" data-id=\"1\" id=\"SR7_1_1\" class=\"rs-ov-hidden\" data-version=\"6.7.20\">\n\t\t\t\t\t<sr7-adjuster><\/sr7-adjuster>\n\t\t\t\t\t<sr7-content>\n\t\t\t\t\t\t<sr7-slide id=\"SR7_1_1-1\" data-key=\"1\">\n\t\t\t\t\t\t\t<sr7-bg id=\"SR7_1_1-1-6\" class=\"sr7-layer\"><noscript><img decoding=\"async\" src=\"http:\/\/www.zaun7.de\/blog\/wp-content\/uploads\/2025\/01\/zaun7_headerimage_web_konfigurator.webp\" alt=\"zaun7_headerimage\" title=\"zaun7_headerimage_web_konfigurator\"><\/noscript><\/sr7-bg>\n\t\t\t\t\t\t\t<sr7-txt id=\"SR7_1_1-1-1\" class=\"sr7-layer\"><a href=\"https:\/\/www.zaun7.de\/\">Jetzt Zaun konfigurieren<\/a><\/sr7-txt>\n\t\t\t\t\t\t\t<sr7-txt id=\"SR7_1_1-1-4\" class=\"sr7-layer\">Suchen Sie Z\u00e4une, die sowohl stilvoll als auch langlebig sind? Dann ist ein hochwertiger Zaun von Zaun7 die perfekte Wahl f\u00fcr Ihr Grundst\u00fcck.<\/sr7-txt>\n\t\t\t\t\t\t\t<sr7-txt id=\"SR7_1_1-1-5\" class=\"sr7-layer\">Mit Leidenschaft f\u00fcr Z\u00e4une<\/sr7-txt>\n\t\t\t\t\t\t<\/sr7-slide>\n\t\t\t\t\t\t<sr7-slide id=\"SR7_1_1-2\" data-key=\"2\">\n\t\t\t\t\t\t<\/sr7-slide>\n\t\t\t\t\t<\/sr7-content>\n\t\t\t\t\t<image_lists style=\"display:none\">\n\t\t\t\t\t\t<img data-src=\"\/\/www.zaun7.de\/blog\/wp-content\/uploads\/2025\/01\/zaun7_headerimage_web_konfigurator.webp\" data-libid=\"14952\" data-lib=\"medialibrary\" alt=\"zaun7_headerimage\" title=\"zaun7_headerimage_web_konfigurator\" width=\"0\" height=\"0\" data-dbsrc=\"Ly93d3cuemF1bjcuZGUvYmxvZy93cC1jb250ZW50L3VwbG9hZHMvMjAyNS8wMS96YXVuN19oZWFkZXJpbWFnZV93ZWJfa29uZmlndXJhdG9yLndlYnA=\"\/>\n\t\t\t\t\t<\/image_lists>\n\t\t\t\t<\/sr7-module>\n\t\t\t\t<script>\n\t\t\t\t\tSR7.PMH ??={}; SR7.PMH[\"SR7_1_1\"] = {cn:0,state:false,fn: function() { if (_tpt!==undefined && _tpt.prepareModuleHeight !== undefined) {  _tpt.prepareModuleHeight({id:\"SR7_1_1\",el:[960,960,700,600,600],type:'standard',shdw:'0',gh:[960,960,700,600,600],gw:[1350,1350,1024,778,480],vpt:['100px&#039;,&#039;100px&#039;,&#039;100px&#039;,&#039;100px&#039;,&#039;100px'],size:{fullWidth:true, fullHeight:false},mh:'0',onh:0,onw:0,bg:{color:'{\"orig\":\"transparent\",\"type\":\"solid\",\"string\":\"transparent\"}'},plType:'0',plColor:'#FFFFFF'});   SR7.PMH[\"SR7_1_1\"].state=true;} else if((SR7.PMH[\"SR7_1_1\"].cn++)<100)\tsetTimeout( SR7.PMH[\"SR7_1_1\"].fn,19);}};SR7.PMH[\"SR7_1_1\" ].fn();\n\t\t\t\t<\/script>\n[\/vc_column][\/vc_row][vc_row content_placement=&#8220;bottom&#8220; bg_position=&#8220;custom&#8220; css=&#8220;.vc_custom_1738316733577{padding-top: 80px !important;padding-bottom: 40px !important;background-position: 0 0 !important;background-repeat: no-repeat !important;}&#8220; bg_pos_h=&#8220;50%&#8220; bg_pos_v=&#8220;80%&#8220; responsive_css=&#8220;margin_top_medium:50px|padding_top_medium:100px|padding_bottom_medium:130px&#8220;][vc_column offset=&#8220;vc_col-md-6&#8243; responsive_css=&#8220;margin_bottom_medium:0px&#8220; css=&#8220;.vc_custom_1731071139050{margin-bottom: 60px !important;}&#8220;]<style>.ld_fancy_heading_69f2ca2d6f08a h1 {font-size:30px; } @media (min-width: 768px) { .ld_fancy_heading_69f2ca2d6f08a h1 {font-size:32px; }  } @media (min-width: 992px) { .ld_fancy_heading_69f2ca2d6f08a h1 {font-size:37px; }  } .ld_fancy_heading_69f2ca2d6f08a h1 {margin-bottom:0.25em !important;  } .ld_fancy_heading_69f2ca2d6f08a .lqd-highlight-inner{height:0.275em!important;bottom:5px!important;background:rgba(255, 144, 114, 0.12)!important;}.ld_fancy_heading_69f2ca2d6f08a h1 {font-size:30px; } @media (min-width: 768px) { .ld_fancy_heading_69f2ca2d6f08a h1 {font-size:32px; }  } @media (min-width: 992px) { .ld_fancy_heading_69f2ca2d6f08a h1 {font-size:37px; }  } .ld_fancy_heading_69f2ca2d6f08a h1 {margin-bottom:0.25em !important;  } <\/style><div class=\"ld-fancy-heading ld_fancy_heading_69f2ca2d6f08a\">\n\t<h1 class=\"ld-fh-element lqd-highlight-underline lqd-highlight-grow-left text-decoration-default lqd-split-lines\"   data-split-text=\"true\" data-split-options='{\"type\":\"lines\"}'>  Zaun7: Ihr Experte f\u00fcr Zaun, Gartenzaun, Doppelstabmattenzaun und Sichtschutz<\/h1><\/div><style>.ld_fancy_heading_69f2ca2d6f85a p {font-size:17px; } .ld_fancy_heading_69f2ca2d6f85a p {line-height:29px; } .ld_fancy_heading_69f2ca2d6f85a p {--element-line-height:29px; } @media (min-width: 992px) { .ld_fancy_heading_69f2ca2d6f85a p {padding-right:8% !important;  }  } .ld_fancy_heading_69f2ca2d6f85a p {margin-bottom:1.75em !important;  } .ld_fancy_heading_69f2ca2d6f85a .lqd-highlight-inner{height:0.275em!important;bottom:0px!important;}.ld_fancy_heading_69f2ca2d6f85a p {font-size:17px; } .ld_fancy_heading_69f2ca2d6f85a p {line-height:29px; } .ld_fancy_heading_69f2ca2d6f85a p {--element-line-height:29px; } @media (min-width: 992px) { .ld_fancy_heading_69f2ca2d6f85a p {padding-right:8% !important;  }  } .ld_fancy_heading_69f2ca2d6f85a p {margin-bottom:1.75em !important;  } <\/style><div class=\"ld-fancy-heading text-left ld_fancy_heading_69f2ca2d6f85a\">\n\t<p class=\"ld-fh-element lqd-highlight-underline lqd-highlight-grow-left text-decoration-default lqd-split-lines\"   data-split-text=\"true\" data-split-options='{\"type\":\"lines\"}'>  Ein hochwertiger Zaun vereint Sicherheit, Langlebigkeit und ansprechendes Design \u2013 perfekt abgestimmt auf Ihr Grundst\u00fcck und Ihre individuellen Bed\u00fcrfnisse. Bei Zaun7 sind wir Experten f\u00fcr Z\u00e4une aller Art und setzen auf Qualit\u00e4t, Stabilit\u00e4t und \u00c4sthetik.<\/p><\/div>[\/vc_column][vc_column enable_content_animation=&#8220;yes&#8220; ca_init_scale_x=&#8220;1&#8243; ca_init_scale_y=&#8220;1&#8243; ca_init_opacity=&#8220;0&#8243; ca_an_scale_x=&#8220;1&#8243; ca_an_scale_y=&#8220;1&#8243; ca_an_opacity=&#8220;1&#8243; ca_init_scale_z=&#8220;1&#8243; ca_an_scale_z=&#8220;1&#8243; offset=&#8220;vc_col-md-offset-1 vc_col-md-5&#8243; ca_duration=&#8220;1800&#8243; ca_start_delay=&#8220;350&#8243; ca_delay=&#8220;180&#8243; ca_init_translate_y=&#8220;35&#8243;][vc_single_image image=&#8220;14959&#8243;][\/vc_column][\/vc_row][vc_row][vc_column]<style>.ld_spacer_69f2ca2d6fc0f{height:60px;}<\/style>\n<div class=\"ld-empty-space ld_spacer_69f2ca2d6fc0f\"><\/div>[\/vc_column][\/vc_row][vc_row equal_height=&#8220;yes&#8220; content_placement=&#8220;middle&#8220; enable_content_animation=&#8220;yes&#8220; ca_init_scale_x=&#8220;1&#8243; ca_init_scale_y=&#8220;1&#8243; ca_init_opacity=&#8220;0&#8243; ca_an_scale_x=&#8220;1&#8243; ca_an_scale_y=&#8220;1&#8243; ca_an_origin_z=&#8220;-80px&#8220; ca_an_opacity=&#8220;1&#8243; bg_position=&#8220;right bottom&#8220; ca_init_scale_z=&#8220;1&#8243; ca_an_scale_z=&#8220;1&#8243; css=&#8220;.vc_custom_1738318161180{padding-top: 20px !important;padding-bottom: 60px !important;background-position: 0 0 !important;background-repeat: no-repeat !important;}&#8220; ca_duration=&#8220;1800&#8243; ca_delay=&#8220;180&#8243; ca_init_translate_y=&#8220;100&#8243; ca_init_rotate_x=&#8220;-65&#8243; ca_init_translate_z=&#8220;100&#8243; responsive_css=&#8220;padding_bottom_medium:100px&#8220;][vc_column parallax=&#8220;yes&#8220; scale_from_x=&#8220;1.2&#8243; scale_from_y=&#8220;1.2&#8243; from_opacity=&#8220;1&#8243; scale_to_x=&#8220;1&#8243; scale_to_y=&#8220;1&#8243; to_opacity=&#8220;1&#8243; enable_column_shadowbox=&#8220;yes&#8220; bg_position=&#8220;custom&#8220; scale_from_z=&#8220;1&#8243; scale_to_z=&#8220;1&#8243; css=&#8220;.vc_custom_1613479277468{padding-top: 60px !important;padding-right: 15px !important;padding-bottom: 60px !important;padding-left: 15px !important;background: #ffffff url(https:\/\/modernagency.liquid-themes.com\/staging\/wp-content\/uploads\/2020\/08\/asset-1.svg?id=4262) !important;background-position: 0 0 !important;background-repeat: no-repeat !important;border-radius: 15px !important;}&#8220; column_box_shadow=&#8220;%5B%7B%22x_offset%22%3A%220%22%2C%22y_offset%22%3A%220%22%2C%22blur_radius%22%3A%2250px%22%2C%22shadow_color%22%3A%22rgba(0%2C%200%2C%200%2C%200.08)%22%7D%5D&#8220; responsive_css=&#8220;padding_right_medium:65px|padding_left_medium:65px|padding_right_small:30px|padding_left_small:30px&#8220; bg_pos_h=&#8220;92%&#8220; bg_pos_v=&#8220;60%&#8220; translate_from_y=&#8220;100&#8243;][vc_row_inner equal_height=&#8220;yes&#8220; content_placement=&#8220;middle&#8220;][vc_column_inner align=&#8220;text-center&#8220; offset=&#8220;vc_col-md-8&#8243; responsive_align=&#8220;text-md-left&#8220; responsive_css=&#8220;padding_right_medium:0px|padding_left_medium:0px&#8220; css=&#8220;.vc_custom_1605986763153{padding-right: 15px !important;padding-left: 15px !important;}&#8220;]<style>.ld_fancy_heading_69f2ca2d6fd22 h3 {font-size:32px; } .ld_fancy_heading_69f2ca2d6fd22 h3 {line-height:1.2em; } .ld_fancy_heading_69f2ca2d6fd22 h3 {--element-line-height:1.2em; } .ld_fancy_heading_69f2ca2d6fd22 h3 {margin-bottom:0.65em !important;  } .ld_fancy_heading_69f2ca2d6fd22 .lqd-highlight-inner{height:0.275em!important;bottom:0px!important;}.ld_fancy_heading_69f2ca2d6fd22 h3 {font-size:32px; } .ld_fancy_heading_69f2ca2d6fd22 h3 {line-height:1.2em; } .ld_fancy_heading_69f2ca2d6fd22 h3 {--element-line-height:1.2em; } .ld_fancy_heading_69f2ca2d6fd22 h3 {margin-bottom:0.65em !important;  } <\/style><div class=\"ld-fancy-heading ld_fancy_heading_69f2ca2d6fd22\">\n\t<h3 class=\"ld-fh-element lqd-highlight-underline lqd-highlight-grow-left text-decoration-default\"   >  Wir sind f\u00fcr Sie da!<\/h3><\/div><style>.ld_fancy_heading_69f2ca2d6ffb8 p {font-size:20px; } .ld_fancy_heading_69f2ca2d6ffb8 p {line-height:1.5em; } .ld_fancy_heading_69f2ca2d6ffb8 p {--element-line-height:1.5em; } .ld_fancy_heading_69f2ca2d6ffb8 p {margin-bottom:30px !important;  } @media (min-width: 992px) { .ld_fancy_heading_69f2ca2d6ffb8 p {margin-bottom:0px !important;  }  } .ld_fancy_heading_69f2ca2d6ffb8 .lqd-highlight-inner{height:0.275em!important;bottom:0px!important;}.ld_fancy_heading_69f2ca2d6ffb8 p {font-size:20px; } .ld_fancy_heading_69f2ca2d6ffb8 p {line-height:1.5em; } .ld_fancy_heading_69f2ca2d6ffb8 p {--element-line-height:1.5em; } .ld_fancy_heading_69f2ca2d6ffb8 p {margin-bottom:30px !important;  } @media (min-width: 992px) { .ld_fancy_heading_69f2ca2d6ffb8 p {margin-bottom:0px !important;  }  } <\/style><div class=\"ld-fancy-heading ld_fancy_heading_69f2ca2d6ffb8\">\n\t<p class=\"ld-fh-element lqd-highlight-underline lqd-highlight-grow-left text-decoration-default\"   >  Von der ersten Idee bis zur finalen Umsetzung \u2013 Zaun7 steht Ihnen mit Fachwissen und Leidenschaft zur Seite, um Ihren perfekten Gartenzaun zu verwirklichen<\/p><\/div>[\/vc_column_inner][vc_column_inner align=&#8220;text-center&#8220; offset=&#8220;vc_col-md-4&#8243; responsive_align=&#8220;text-md-right&#8220;]<style>.ld_button_69f2ca2d7022d.btn-icon-solid:hover .btn-icon{background:rgb(0, 0, 0);}.ld_button_69f2ca2d7022d:hover{background-color:rgb(0, 0, 0);border-color:rgb(0, 0, 0);}.ld_button_69f2ca2d7022d .btn-gradient-bg-hover{background:-webkit-linear-gradient(to right, rgb(0, 0, 0) 0%, rgb(0, 0, 0) 100%);background:linear-gradient(to right, rgb(0, 0, 0) 0%, rgb(0, 0, 0) 100%);}.ld_button_69f2ca2d7022d:hover .btn-gradient-border defs stop:first-child{stop-color:rgb(0, 0, 0);}.ld_button_69f2ca2d7022d:hover .btn-gradient-border defs stop:last-child{stop-color:rgb(0, 0, 0);}.ld_button_69f2ca2d7022d{box-shadow:0px 20px 60px 0px rgba(248,85,78,0.21);}<\/style><a href=\"https:\/\/www.zaun7.de\/komplettzaun-paket-konfigurator\/\" title=\"Jetzt konfigurieren\" class=\"btn btn-solid text-uppercase btn-hover-txt-liquid-y border-thin btn-has-label ld_button_69f2ca2d7022d vc_custom_1738316817066\" >\n\t<span>\n\t\n\t\t\t\t\t<span class=\"btn-txt\" data-text=\"Jetzt konfigurieren\" data-split-text=\"true\"\n\t\t\t\t\t    data-split-options='{\"type\": \"chars, words\"}'>Jetzt konfigurieren<\/span>\n\t\t\n\t\t\t\t\t<\/span>\n<\/a>\n[\/vc_column_inner][\/vc_row_inner][\/vc_column][\/vc_row][vc_row][vc_column]<style>.ld_spacer_69f2ca2d70597{height:60px;}<\/style>\n<div class=\"ld-empty-space ld_spacer_69f2ca2d70597\"><\/div>[\/vc_column][\/vc_row]<\/p>\n","protected":false},"excerpt":{"rendered":"<p>[vc_row equal_height=&#8220;yes&#8220; bg_position=&#8220;center center&#8220; css=&#8220;.vc_custom_1728470699300{padding-top: 0px !important;padding-bottom: 20px !important;background-position: 0 0 !important;background-repeat: no-repeat !important;}&#8220; el_id=&#8220;features&#8220;][vc_column][\/vc_column][\/vc_row][vc_row content_placement=&#8220;bottom&#8220; bg_position=&#8220;custom&#8220; css=&#8220;.vc_custom_1738316733577{padding-top: 80px !important;padding-bottom: 40px !important;background-position: 0 0 !important;background-repeat: no-repeat !important;}&#8220; bg_pos_h=&#8220;50%&#8220; bg_pos_v=&#8220;80%&#8220; responsive_css=&#8220;margin_top_medium:50px|padding_top_medium:100px|padding_bottom_medium:130px&#8220;][vc_column offset=&#8220;vc_col-md-6&#8243; responsive_css=&#8220;margin_bottom_medium:0px&#8220; css=&#8220;.vc_custom_1731071139050{margin-bottom: 60px !important;}&#8220;][\/vc_column][vc_column enable_content_animation=&#8220;yes&#8220; ca_init_scale_x=&#8220;1&#8243; ca_init_scale_y=&#8220;1&#8243; ca_init_opacity=&#8220;0&#8243; ca_an_scale_x=&#8220;1&#8243; ca_an_scale_y=&#8220;1&#8243; ca_an_opacity=&#8220;1&#8243; ca_init_scale_z=&#8220;1&#8243; ca_an_scale_z=&#8220;1&#8243; offset=&#8220;vc_col-md-offset-1 vc_col-md-5&#8243; ca_duration=&#8220;1800&#8243; ca_start_delay=&#8220;350&#8243; ca_delay=&#8220;180&#8243; ca_init_translate_y=&#8220;35&#8243;][vc_single_image image=&#8220;14959&#8243;][\/vc_column][\/vc_row][vc_row][vc_column][\/vc_column][\/vc_row][vc_row equal_height=&#8220;yes&#8220; content_placement=&#8220;middle&#8220; enable_content_animation=&#8220;yes&#8220; ca_init_scale_x=&#8220;1&#8243; [&hellip;]<\/p>\n","protected":false},"author":1,"featured_media":14959,"parent":0,"menu_order":0,"comment_status":"closed","ping_status":"closed","template":"","meta":{"footnotes":""},"class_list":["post-13940","page","type-page","status-publish","has-post-thumbnail","hentry"],"yoast_head":"<!-- This site is optimized with the Yoast SEO plugin v24.5 - https:\/\/yoast.com\/wordpress\/plugins\/seo\/ -->\n<title>Zaun7 \u2013 Ihr Experte f\u00fcr hochwertige Z\u00e4une &amp; Sichtschutz<\/title>\n<meta name=\"description\" content=\"Erfahren Sie mehr \u00fcber Zaun7.de: Qualit\u00e4t, Erfahrung und individuelle Zaunl\u00f6sungen f\u00fcr Garten, Grundst\u00fcck &amp; Gewerbe. Jetzt entdecken!\" \/>\n<meta name=\"robots\" content=\"index, follow, max-snippet:-1, max-image-preview:large, max-video-preview:-1\" \/>\n<link rel=\"canonical\" href=\"https:\/\/www.zaun7.de\/blog\/ueber-uns\/\" \/>\n<meta property=\"og:locale\" content=\"de_DE\" \/>\n<meta property=\"og:type\" content=\"article\" \/>\n<meta property=\"og:title\" content=\"Zaun7 \u2013 Ihr Experte f\u00fcr hochwertige Z\u00e4une &amp; Sichtschutz\" \/>\n<meta property=\"og:description\" content=\"Erfahren Sie mehr \u00fcber Zaun7.de: Qualit\u00e4t, Erfahrung und individuelle Zaunl\u00f6sungen f\u00fcr Garten, Grundst\u00fcck &amp; Gewerbe. Jetzt entdecken!\" \/>\n<meta property=\"og:url\" content=\"https:\/\/www.zaun7.de\/blog\/ueber-uns\/\" \/>\n<meta property=\"og:site_name\" content=\"Zaun7 Blog\" \/>\n<meta property=\"article:modified_time\" content=\"2025-01-31T10:13:14+00:00\" \/>\n<meta property=\"og:image\" content=\"http:\/\/www.zaun7.de\/blog\/wp-content\/uploads\/2025\/01\/exklusiver-zaun.jpg\" \/>\n\t<meta property=\"og:image:width\" content=\"960\" \/>\n\t<meta property=\"og:image:height\" content=\"519\" \/>\n\t<meta property=\"og:image:type\" content=\"image\/jpeg\" \/>\n<meta name=\"twitter:card\" content=\"summary_large_image\" \/>\n<meta name=\"twitter:label1\" content=\"Gesch\u00e4tzte Lesezeit\" \/>\n\t<meta name=\"twitter:data1\" content=\"2\u00a0Minuten\" \/>\n<script type=\"application\/ld+json\" class=\"yoast-schema-graph\">{\"@context\":\"https:\/\/schema.org\",\"@graph\":[{\"@type\":\"WebPage\",\"@id\":\"https:\/\/www.zaun7.de\/blog\/ueber-uns\/\",\"url\":\"https:\/\/www.zaun7.de\/blog\/ueber-uns\/\",\"name\":\"Zaun7 \u2013 Ihr Experte f\u00fcr hochwertige Z\u00e4une & Sichtschutz\",\"isPartOf\":{\"@id\":\"https:\/\/www.zaun7.de\/blog\/#website\"},\"primaryImageOfPage\":{\"@id\":\"https:\/\/www.zaun7.de\/blog\/ueber-uns\/#primaryimage\"},\"image\":{\"@id\":\"https:\/\/www.zaun7.de\/blog\/ueber-uns\/#primaryimage\"},\"thumbnailUrl\":\"https:\/\/www.zaun7.de\/blog\/wp-content\/uploads\/2025\/01\/exklusiver-zaun.jpg\",\"datePublished\":\"2024-11-07T13:19:01+00:00\",\"dateModified\":\"2025-01-31T10:13:14+00:00\",\"description\":\"Erfahren Sie mehr \u00fcber Zaun7.de: Qualit\u00e4t, Erfahrung und individuelle Zaunl\u00f6sungen f\u00fcr Garten, Grundst\u00fcck & Gewerbe. Jetzt entdecken!\",\"breadcrumb\":{\"@id\":\"https:\/\/www.zaun7.de\/blog\/ueber-uns\/#breadcrumb\"},\"inLanguage\":\"de\",\"potentialAction\":[{\"@type\":\"ReadAction\",\"target\":[\"https:\/\/www.zaun7.de\/blog\/ueber-uns\/\"]}]},{\"@type\":\"ImageObject\",\"inLanguage\":\"de\",\"@id\":\"https:\/\/www.zaun7.de\/blog\/ueber-uns\/#primaryimage\",\"url\":\"https:\/\/www.zaun7.de\/blog\/wp-content\/uploads\/2025\/01\/exklusiver-zaun.jpg\",\"contentUrl\":\"https:\/\/www.zaun7.de\/blog\/wp-content\/uploads\/2025\/01\/exklusiver-zaun.jpg\",\"width\":960,\"height\":519},{\"@type\":\"BreadcrumbList\",\"@id\":\"https:\/\/www.zaun7.de\/blog\/ueber-uns\/#breadcrumb\",\"itemListElement\":[{\"@type\":\"ListItem\",\"position\":1,\"name\":\"Startseite\",\"item\":\"https:\/\/www.zaun7.de\/blog\/\"},{\"@type\":\"ListItem\",\"position\":2,\"name\":\"\u00dcber Uns\"}]},{\"@type\":\"WebSite\",\"@id\":\"https:\/\/www.zaun7.de\/blog\/#website\",\"url\":\"https:\/\/www.zaun7.de\/blog\/\",\"name\":\"Zaun7 Blog\",\"description\":\"\",\"potentialAction\":[{\"@type\":\"SearchAction\",\"target\":{\"@type\":\"EntryPoint\",\"urlTemplate\":\"https:\/\/www.zaun7.de\/blog\/?s={search_term_string}\"},\"query-input\":{\"@type\":\"PropertyValueSpecification\",\"valueRequired\":true,\"valueName\":\"search_term_string\"}}],\"inLanguage\":\"de\"}]}<\/script>\n<!-- \/ Yoast SEO plugin. -->","yoast_head_json":{"title":"Zaun7 \u2013 Ihr Experte f\u00fcr hochwertige Z\u00e4une & Sichtschutz","description":"Erfahren Sie mehr \u00fcber Zaun7.de: Qualit\u00e4t, Erfahrung und individuelle Zaunl\u00f6sungen f\u00fcr Garten, Grundst\u00fcck & Gewerbe. Jetzt entdecken!","robots":{"index":"index","follow":"follow","max-snippet":"max-snippet:-1","max-image-preview":"max-image-preview:large","max-video-preview":"max-video-preview:-1"},"canonical":"https:\/\/www.zaun7.de\/blog\/ueber-uns\/","og_locale":"de_DE","og_type":"article","og_title":"Zaun7 \u2013 Ihr Experte f\u00fcr hochwertige Z\u00e4une & Sichtschutz","og_description":"Erfahren Sie mehr \u00fcber Zaun7.de: Qualit\u00e4t, Erfahrung und individuelle Zaunl\u00f6sungen f\u00fcr Garten, Grundst\u00fcck & Gewerbe. Jetzt entdecken!","og_url":"https:\/\/www.zaun7.de\/blog\/ueber-uns\/","og_site_name":"Zaun7 Blog","article_modified_time":"2025-01-31T10:13:14+00:00","og_image":[{"width":960,"height":519,"url":"http:\/\/www.zaun7.de\/blog\/wp-content\/uploads\/2025\/01\/exklusiver-zaun.jpg","type":"image\/jpeg"}],"twitter_card":"summary_large_image","twitter_misc":{"Gesch\u00e4tzte Lesezeit":"2\u00a0Minuten"},"schema":{"@context":"https:\/\/schema.org","@graph":[{"@type":"WebPage","@id":"https:\/\/www.zaun7.de\/blog\/ueber-uns\/","url":"https:\/\/www.zaun7.de\/blog\/ueber-uns\/","name":"Zaun7 \u2013 Ihr Experte f\u00fcr hochwertige Z\u00e4une & Sichtschutz","isPartOf":{"@id":"https:\/\/www.zaun7.de\/blog\/#website"},"primaryImageOfPage":{"@id":"https:\/\/www.zaun7.de\/blog\/ueber-uns\/#primaryimage"},"image":{"@id":"https:\/\/www.zaun7.de\/blog\/ueber-uns\/#primaryimage"},"thumbnailUrl":"https:\/\/www.zaun7.de\/blog\/wp-content\/uploads\/2025\/01\/exklusiver-zaun.jpg","datePublished":"2024-11-07T13:19:01+00:00","dateModified":"2025-01-31T10:13:14+00:00","description":"Erfahren Sie mehr \u00fcber Zaun7.de: Qualit\u00e4t, Erfahrung und individuelle Zaunl\u00f6sungen f\u00fcr Garten, Grundst\u00fcck & Gewerbe. Jetzt entdecken!","breadcrumb":{"@id":"https:\/\/www.zaun7.de\/blog\/ueber-uns\/#breadcrumb"},"inLanguage":"de","potentialAction":[{"@type":"ReadAction","target":["https:\/\/www.zaun7.de\/blog\/ueber-uns\/"]}]},{"@type":"ImageObject","inLanguage":"de","@id":"https:\/\/www.zaun7.de\/blog\/ueber-uns\/#primaryimage","url":"https:\/\/www.zaun7.de\/blog\/wp-content\/uploads\/2025\/01\/exklusiver-zaun.jpg","contentUrl":"https:\/\/www.zaun7.de\/blog\/wp-content\/uploads\/2025\/01\/exklusiver-zaun.jpg","width":960,"height":519},{"@type":"BreadcrumbList","@id":"https:\/\/www.zaun7.de\/blog\/ueber-uns\/#breadcrumb","itemListElement":[{"@type":"ListItem","position":1,"name":"Startseite","item":"https:\/\/www.zaun7.de\/blog\/"},{"@type":"ListItem","position":2,"name":"\u00dcber Uns"}]},{"@type":"WebSite","@id":"https:\/\/www.zaun7.de\/blog\/#website","url":"https:\/\/www.zaun7.de\/blog\/","name":"Zaun7 Blog","description":"","potentialAction":[{"@type":"SearchAction","target":{"@type":"EntryPoint","urlTemplate":"https:\/\/www.zaun7.de\/blog\/?s={search_term_string}"},"query-input":{"@type":"PropertyValueSpecification","valueRequired":true,"valueName":"search_term_string"}}],"inLanguage":"de"}]}},"_links":{"self":[{"href":"https:\/\/www.zaun7.de\/blog\/wp-json\/wp\/v2\/pages\/13940","targetHints":{"allow":["GET"]}}],"collection":[{"href":"https:\/\/www.zaun7.de\/blog\/wp-json\/wp\/v2\/pages"}],"about":[{"href":"https:\/\/www.zaun7.de\/blog\/wp-json\/wp\/v2\/types\/page"}],"author":[{"embeddable":true,"href":"https:\/\/www.zaun7.de\/blog\/wp-json\/wp\/v2\/users\/1"}],"replies":[{"embeddable":true,"href":"https:\/\/www.zaun7.de\/blog\/wp-json\/wp\/v2\/comments?post=13940"}],"version-history":[{"count":49,"href":"https:\/\/www.zaun7.de\/blog\/wp-json\/wp\/v2\/pages\/13940\/revisions"}],"predecessor-version":[{"id":14984,"href":"https:\/\/www.zaun7.de\/blog\/wp-json\/wp\/v2\/pages\/13940\/revisions\/14984"}],"wp:featuredmedia":[{"embeddable":true,"href":"https:\/\/www.zaun7.de\/blog\/wp-json\/wp\/v2\/media\/14959"}],"wp:attachment":[{"href":"https:\/\/www.zaun7.de\/blog\/wp-json\/wp\/v2\/media?parent=13940"}],"curies":[{"name":"wp","href":"https:\/\/api.w.org\/{rel}","templated":true}]}}